{"id":898,"date":"2023-08-30T15:34:50","date_gmt":"2023-08-30T13:34:50","guid":{"rendered":"https:\/\/ceramicfilms.es\/?page_id=898"},"modified":"2023-09-11T12:18:33","modified_gmt":"2023-09-11T10:18:33","slug":"legal-notice","status":"publish","type":"page","link":"https:\/\/ceramicfilms.es\/en\/legal-notice\/","title":{"rendered":"Legal Notice"},"content":{"rendered":"<div data-elementor-type=\"wp-page\" data-elementor-id=\"898\" class=\"elementor elementor-898\" data-elementor-post-type=\"page\">\n\t\t\t\t\t\t<section class=\"elementor-section elementor-top-section elementor-element elementor-element-a805e1d elementor-section-boxed elementor-section-height-default elementor-section-height-default\" data-id=\"a805e1d\" data-element_type=\"section\" data-settings=\"{&quot;background_background&quot;:&quot;classic&quot;}\">\n\t\t\t\t\t\t<div class=\"elementor-container elementor-column-gap-default\">\n\t\t\t\t\t<div class=\"elementor-column elementor-col-100 elementor-top-column elementor-element elementor-element-9b8362d\" data-id=\"9b8362d\" data-element_type=\"column\">\n\t\t\t<div class=\"elementor-widget-wrap elementor-element-populated\">\n\t\t\t\t\t\t<div class=\"elementor-element elementor-element-bd87dd1 elementor-widget elementor-widget-text-editor\" data-id=\"bd87dd1\" data-element_type=\"widget\" data-widget_type=\"text-editor.default\">\n\t\t\t\t<div class=\"elementor-widget-container\">\n\t\t\t\t\t\t\t\t\t<p><\/p>\n<h2 class=\"wp-block-heading\">Legal Notice<\/h2>\n<p><\/p>\n<p>This LEGAL NOTICE regulates the rights and obligations of ceramicfilms.es and users, in relation to access, navigation and use of this website without prejudice to https:\/\/ceramicfilms.es\/ reserves the right to modify, without prior notice, its content, being in force those that are published at the time of navigation.<br>By browsing, viewing and using this website you acquire the status of user, and therefore implies your express acceptance of all the clauses indicated in this Legal Notice, as well as the other warnings or specific clauses that are established in the different sections for the contracting, use of services, products, registrations, or sections of the Page.<br>Therefore, if you do not accept the clauses set out in this Legal Notice, you must refrain from accessing and\/or using the services and\/or contents made available to you on the Site, and you must leave the Site.<br>ceramicfilms.es may terminate, suspend or interrupt, at any time without prior notice, access to the contents of the site, without the User being able to claim any compensation whatsoever. However, in the event of closure of the platform, an attempt will be made to refund any payments that have been made for annual subscriptions that have not been completed.<\/p>\n<p><strong>Personal and fiscal information of the person responsible for the website<\/strong><br>Identity of the person responsible: <font color=\"#0f172a\" face=\"Inter, sans-serif\"><span style=\"font-size: 12.8px;\">Rogerio Frank<\/span><\/font><br>Trade name: Rogerio Frank<br>VAT NO: X7214883J<br>Address: X7214883J<br>Telephone: 638877249<br>E-mail: Rogeriofrank30@gmail.com<br>Website name: https:\/\/ceramicfilms.es\/<\/p>\n<p><strong>Form of income:<\/strong><br>The ** ceramicfilms.es** website is a corporate website that does not generate online revenue.<\/p>\n<p><strong>Products and services:<\/strong><br>- Sun protection<br>- Blinds <br>- Vinyls<br>- Luminous<br>- Fa\u00e7ade reforms<br>- Anti-graffiti treatments<br>Terms of use<br>If you browse this website you tacitly accept the terms of use and privacy terms, as well as declaring that you have read the legal notice.<br>Neither this website nor its legal representatives are responsible for the content or the veracity of the privacy policies that third party services outside this website may have.<br>The copying or transcription of all or part of any text on this website for any use is expressly prohibited. The texts on this website are meant to be read only, please refrain from using them for any other purpose.<br>Copying or downloading of images from this website is expressly prohibited.<br>Hotlinking of images from this website is not permitted.<br>It is permitted to copy and use the HTML structures and CSS styles used in this website, as long as it is only partially and never the whole of the format, generating a website identical to this one.<br>In the event of non-compliance with these conditions, we may be obliged to take appropriate legal action.<\/p>\n<p><\/p>\t\t\t\t\t\t\t\t<\/div>\n\t\t\t\t<\/div>\n\t\t\t\t\t<\/div>\n\t\t<\/div>\n\t\t\t\t\t<\/div>\n\t\t<\/section>\n\t\t\t\t<\/div>","protected":false},"excerpt":{"rendered":"<p>Aviso Legal El presente AVISO LEGAL regula los derechos y obligaciones del ceramicfilms.es y de los usuarios, en relaci\u00f3n al acceso, navegaci\u00f3n y utilizaci\u00f3n de la presente web sin perjuicio de que https:\/\/ceramicfilms.es\/ reserve el derecho a modificar, sin previo aviso, su contenido, siendo vigentes las que se encuentren publicadas en el momento de navegaci\u00f3n.Mediante [&hellip;]<\/p>","protected":false},"author":1,"featured_media":0,"parent":0,"menu_order":0,"comment_status":"closed","ping_status":"closed","template":"","meta":{"site-sidebar-layout":"no-sidebar","site-content-layout":"page-builder","ast-site-content-layout":"full-width-container","site-content-style":"unboxed","site-sidebar-style":"unboxed","ast-global-header-display":"","ast-banner-title-visibility":"","ast-main-header-display":"","ast-hfb-above-header-display":"","ast-hfb-below-header-display":"","ast-hfb-mobile-header-display":"","site-post-title":"disabled","ast-breadcrumbs-content":"","ast-featured-img":"disabled","footer-sml-layout":"","theme-transparent-header-meta":"default","adv-header-id-meta":"","stick-header-meta":"","header-above-stick-meta":"","header-main-stick-meta":"","header-below-stick-meta":"","astra-migrate-meta-layouts":"set","ast-page-background-enabled":"default","ast-page-background-meta":{"desktop":{"background-color":"","background-image":"","background-repeat":"repeat","background-position":"center center","background-size":"auto","background-attachment":"scroll","background-type":"","background-media":"","overlay-type":"","overlay-color":"","overlay-opacity":"","overlay-gradient":""},"tablet":{"background-color":"","background-image":"","background-repeat":"repeat","background-position":"center center","background-size":"auto","background-attachment":"scroll","background-type":"","background-media":"","overlay-type":"","overlay-color":"","overlay-opacity":"","overlay-gradient":""},"mobile":{"background-color":"","background-image":"","background-repeat":"repeat","background-position":"center center","background-size":"auto","background-attachment":"scroll","background-type":"","background-media":"","overlay-type":"","overlay-color":"","overlay-opacity":"","overlay-gradient":""}},"ast-content-background-meta":{"desktop":{"background-color":"var(--ast-global-color-5)","background-image":"","background-repeat":"repeat","background-position":"center center","background-size":"auto","background-attachment":"scroll","background-type":"","background-media":"","overlay-type":"","overlay-color":"","overlay-opacity":"","overlay-gradient":""},"tablet":{"background-color":"var(--ast-global-color-5)","background-image":"","background-repeat":"repeat","background-position":"center center","background-size":"auto","background-attachment":"scroll","background-type":"","background-media":"","overlay-type":"","overlay-color":"","overlay-opacity":"","overlay-gradient":""},"mobile":{"background-color":"var(--ast-global-color-5)","background-image":"","background-repeat":"repeat","background-position":"center center","background-size":"auto","background-attachment":"scroll","background-type":"","background-media":"","overlay-type":"","overlay-color":"","overlay-opacity":"","overlay-gradient":""}},"footnotes":""},"class_list":["post-898","page","type-page","status-publish","hentry"],"_links":{"self":[{"href":"https:\/\/ceramicfilms.es\/en\/wp-json\/wp\/v2\/pages\/898","targetHints":{"allow":["GET"]}}],"collection":[{"href":"https:\/\/ceramicfilms.es\/en\/wp-json\/wp\/v2\/pages"}],"about":[{"href":"https:\/\/ceramicfilms.es\/en\/wp-json\/wp\/v2\/types\/page"}],"author":[{"embeddable":true,"href":"https:\/\/ceramicfilms.es\/en\/wp-json\/wp\/v2\/users\/1"}],"replies":[{"embeddable":true,"href":"https:\/\/ceramicfilms.es\/en\/wp-json\/wp\/v2\/comments?post=898"}],"version-history":[{"count":19,"href":"https:\/\/ceramicfilms.es\/en\/wp-json\/wp\/v2\/pages\/898\/revisions"}],"predecessor-version":[{"id":1270,"href":"https:\/\/ceramicfilms.es\/en\/wp-json\/wp\/v2\/pages\/898\/revisions\/1270"}],"wp:attachment":[{"href":"https:\/\/ceramicfilms.es\/en\/wp-json\/wp\/v2\/media?parent=898"}],"curies":[{"name":"wp","href":"https:\/\/api.w.org\/{rel}","templated":true}]}}